{"id":41,"date":"2017-08-16T11:07:39","date_gmt":"2017-08-16T11:07:39","guid":{"rendered":"http:\/\/pondokadnyana.com\/jimbaran\/?page_id=41"},"modified":"2019-02-02T03:18:28","modified_gmt":"2019-02-02T03:18:28","slug":"ulasan","status":"publish","type":"page","link":"https:\/\/pondokadnyana.com\/jimbaran\/ulasan\/","title":{"rendered":"Ulasan tamu"},"content":{"rendered":"<p>Sangat nyaman dan murah. saya sudah hampir 4 tahun disini. lingkungan aman, bersih, fasilitas lengkap dan juga ada wifi.<br \/>\nSoraya Sarah Afifah-Jakarta<\/p>\n<p>Kamarnya dan wc bersih, fasilitas yang diberikan cukup lengkap sekali baik wifi, ac, tv. Lingkungannya bersih, bapak kos (pak wayan)sgt baik cepet tanggap. Pengen kos disini lagi kalau dikirim kerja kembali ke Bali. Terima kasih Pak Wayan. Salam kamar 16.<br \/>\nAdeline-Jakarta<\/p>\n<p>it&#8217;s pretty good place<br \/>\nAku suka banget lingkungannya sepi gitu ga berisik. Kamarnya juga nyaman dan rapih. Ga ada masalah sama sekali, semua peralatan dan isi rumah nya juga lengkap. Hanya saja mungkin airnya sedikit kecil untuk showernya dan tidak ada tv kabel tapi ga masalah.<br \/>\nMenurut aku ini recommendation place kok! Worth it to try\ud83d\ude0a<br \/>\nMeydiana lativah-Jakarta<\/p>\n<p>The owner is always on STAND BY mode. Everything is under control.<br \/>\nCCTV is around so the place is perfectly safe.<br \/>\nFully furnished rooms.<br \/>\nIts been a great experience staying at Pondok Adnyana<br \/>\nRichard Siregar-Jakarta<\/p>\n<p>\u0e40\u0e1b\u0e47\u0e19\u0e2b\u0e2d\u0e1e\u0e31\u0e01\u0e17\u0e35\u0e48\u0e14\u0e35 \u0e2a\u0e30\u0e2d\u0e32\u0e14 \u0e1b\u0e25\u0e2d\u0e14\u0e20\u0e31\u0e22 \u0e21\u0e35\u0e2a\u0e34\u0e48\u0e07\u0e2d\u0e33\u0e19\u0e27\u0e22\u0e04\u0e27\u0e32\u0e21\u0e2a\u0e30\u0e14\u0e27\u0e01\u0e04\u0e23\u0e1a\u0e04\u0e23\u0e31\u0e19 \u0e23\u0e32\u0e04\u0e32\u0e2d\u0e22\u0e39\u0e48\u0e43\u0e19\u0e23\u0e30\u0e14\u0e31\u0e1a\u0e01\u0e25\u0e32\u0e07\u0e44\u0e21\u0e48\u0e16\u0e39\u0e01\u0e41\u0e15\u0e48\u0e01\u0e47\u0e44\u0e21\u0e48\u0e44\u0e14\u0e49\u0e41\u0e1e\u0e07\u0e40\u0e01\u0e34\u0e19\u0e44\u0e1b<br \/>\nJuthawan-Thiland<\/p>\n<p>Hi Pak Wayan, selama sy tinggal disana nyaman yaa. Suasana tenang, adem juga, wlopun panas matahari tp tetap adem. Bisa jemur pakaian dpan teras, kamar juga luas. Harga kamar sesuai dgn fasilitas. Dapet wifi juga \ud83d\ude42 pemiliknya juga baik dan fast respond.<br \/>\nSukses terus utk Pondok Adnyana.<br \/>\nSalam dari kamar nomor 5<br \/>\nJessica azali-Jakarta<\/p>\n<p>Nyaman dan pelayanannya baik.<br \/>\nBilly-Cilacap<\/p>\n<p>Suasana nyaman dan bersih.<br \/>\nBunga sukmawati-Seririt<\/p>\n<p>Di Pondok Adnyana ini kamarnya bagus,luas,suasananya tenang,anginnya sepoi2,enak banget deh nginep disini,fasilitas lengkap mantap.yang lebih enak disini privasi terjaga banget,dan yang paling penting di sini aman.recommended bagi yang mau nge kos jangka waktu lama ataupun sebentar \ud83d\ude00<br \/>\nKevin-Surabaya<\/p>\n<p>The room was very good and comfortable! Value for money and its worth. The facility is fully equipped so you dont have to bring so many things, everything you need already inside the room! The service was also good. Definitely will be back!<br \/>\nSyafiera-Bekasi<\/p>\n<p>Tepatnya Bagus dan hening. Jadi nyaman tinggal disini.<br \/>\nJehan Pradiptha-Bali<\/p>\n<p>Kost aman dan tenang banget, bersih dan nyaman. Wifi lancar, AC dingin. Fasilitas lengkap, harga terjangkau, Bapak kost yg ramah dan baik. Very recomended untuk kost harian maupun bulanan. Regards kamar Nomer 6.<br \/>\nKim-Medan<\/p>\n<p><!--moreSelengkapnya--><\/p>\n<p>Good value for money, for what it cost, the room has very good facilities to offer. The owner was very nice and helpful. Keep it up \ud83d\ude42<br \/>\nLanny-Jakarta<\/p>\n<p>Pondok adnyana is the perfect place if you searching for a place to stay with great budget and privacy. The landlord is very nice and helpful.<br \/>\nKathy Wulandari-Bekasi<\/p>\n<p>Pondok Adnyana tempatnya bagus dan bersih isinya lengkap dan murah. Pelayanan dr pemiliknya pun sgt ramah, baik dan memuaskan. Terima kasih Pnsok Adnyana. Regards from room 13.<br \/>\nCitra-Minahasa<\/p>\n<p>Kos yang nyaman, tenang, banyak pilihan tipe kamar &amp; fasilitas cukup baik. Pemilik kos juga ramah &amp; fast response. Recommended. Matur suksma pak wayan.<br \/>\nAdi Pratama-Jakarta<\/p>\n<p>Kamarnya bersih, pemilik kos sangat ramah, daerahnya tenang dan mudah terjangkau, dekat bandara dan dekat dengan taman griya daerah penuh dengan makanan. Jika saya tidak pindah kerjaan ke daerah lain saya akan tetap disana terus.<br \/>\nDonny-Cilacap<\/p>\n<p>Good services, would be glad to be back here.<br \/>\nReyhan-Surabaya<\/p>\n<p>Pelayanan yang sangat memuaskan dari sang pemilik kos,selalu merespon dengan cepat. Lingkungan yg sangat nyaman,fasilitas yang memuskan. Terima kasih pak Wayan. Ttd mantan penghuni kamar 11.<br \/>\nAndrew Wijaya-Jakarta<\/p>\n<p>Dari awal liat di web udah tertarik sama tempatnya. Setelah dateng kesan pertama yakin bakal betah di kost ini. Pondok Adnyana bersih dan bagus. Tempatnya nyaman banget,bersih juga adanya wifi jg sangat membantu dan yang terpenting,yg punya kost sangat ramah. Gak akan nyesel kost\/tinggal dsini. Recommended banget \u00f0\u0178\u02dc\u0160\u00f0\u0178\u02dc\u0160 thanks Pak Wayan<br \/>\nDwi Ivi Fitriyanti-Kebumen<\/p>\n<p>Pondok Adnyana sangat tenang dan nyaman. Pengelola sangat ramah<br \/>\nTiar-Jakarta<\/p>\n<p>The room was very nice. Daerah kos lumayan sepi jadi nyaman buat istirahat. Kalau ada masalah tentang kos sangat cepat diatasi. Overall very very satisfied. 5 star<br \/>\nFernando Salim-Jakarta<\/p>\n<p>It has been a nice 6 months experience stay at Pondok Adnyana Jimbaran, the owner were very friendly, gave quick response should you need their help to fix something and you can have a nice rest everyday since the surrounding were quiet, specially if you came home from work and needed a good night sleep. Overall I would recommend to stay at this place, not too expensive as well \ud83d\ude42<br \/>\nCarlina Halim-Indonesia<\/p>\n<p>Kosan nya bersih dan bagus. Tempatnya nyaman dan tenang lagi.. plus yang punya kos pak wayan dan bu ayu sangat ramah banget. tempat ini bikin betah banget, layaknya rumah sendiri.<br \/>\nRicky Setyawan-Bekasi<\/p>\n<p>I rent this place for my staff during my family holiday in Bali. All I can say is that this place is a budget stay with a 5-star service. The hospitality that Pak Wayan &amp; Bu Ayu provided is unparalleled. Thank you so much Pak Wayan!<br \/>\nBapak Sharif-Jakarta<\/p>\n<p>Lokasi sangat nyaman walaupun jauh dari jalan utama, tapi tidak masalah. Wifi lumayan membantu jika paket data habis :). Tuan rumah Pak wayan dan Bu ayu selalu ramah dan membantu terutama saat membuat Kipem hehehe.<br \/>\nZaC-Jakarta<\/p>\n<p>Dari harga masih okeylah dan fasilitas juga lengkap walau kurang air panas aja. Tapi tuan rumah memberikan ijin untuk pasang air panas sendiri..ribet sih, mmmm so far TOP lah buat Pondok Adnyana<br \/>\nRini-Surabaya<\/p>\n<p>Kosan ini bagus nyaman bersih sekali. Pelayanannya juga bagus yang punya kosan sangat ramah recommended bgt :).<br \/>\nIrene-Jakarta<\/p>\n<p><a href=\"https:\/\/pondokadnyana.com\/jimbaran\/reservation\/\"><img loading=\"lazy\" decoding=\"async\" class=\"size-medium wp-image-304 aligncenter\" src=\"https:\/\/pondokadnyana.com\/jimbaran\/wp-content\/uploads\/2017\/08\/PesanSegera-1-300x138.png\" alt=\"\" width=\"200\" height=\"92\" srcset=\"https:\/\/pondokadnyana.com\/jimbaran\/wp-content\/uploads\/2017\/08\/PesanSegera-1-300x138.png 300w, https:\/\/pondokadnyana.com\/jimbaran\/wp-content\/uploads\/2017\/08\/PesanSegera-1-768x353.png 768w, https:\/\/pondokadnyana.com\/jimbaran\/wp-content\/uploads\/2017\/08\/PesanSegera-1.png 800w\" sizes=\"auto, (max-width: 200px) 100vw, 200px\" \/><\/a><\/p>\n","protected":false},"excerpt":{"rendered":"<p>Sangat nyaman dan murah. saya sudah hampir 4 tahun disini. lingkungan aman, bersih, fasilitas lengkap dan juga ada wifi. Soraya Sarah Afifah-Jakarta Kamarnya dan wc bersih, fasilitas yang diberikan cukup lengkap sekali baik wifi, ac, tv. Lingkungannya bersih, bapak kos (pak wayan)sgt baik cepet tanggap. Pengen kos disini lagi kalau dikirim kerja kembali ke Bali. &hellip; <\/p>\n<p class=\"link-more\"><a href=\"https:\/\/pondokadnyana.com\/jimbaran\/ulasan\/\" class=\"more-link\">Continue reading<span class=\"screen-reader-text\"> &#8220;Ulasan tamu&#8221;<\/span><\/a><\/p>\n","protected":false},"author":1,"featured_media":0,"parent":0,"menu_order":0,"comment_status":"closed","ping_status":"closed","template":"","meta":{"_exactmetrics_skip_tracking":false,"_exactmetrics_sitenote_active":false,"_exactmetrics_sitenote_note":"","_exactmetrics_sitenote_category":0,"footnotes":""},"class_list":["post-41","page","type-page","status-publish","hentry"],"_links":{"self":[{"href":"https:\/\/pondokadnyana.com\/jimbaran\/wp-json\/wp\/v2\/pages\/41","targetHints":{"allow":["GET"]}}],"collection":[{"href":"https:\/\/pondokadnyana.com\/jimbaran\/wp-json\/wp\/v2\/pages"}],"about":[{"href":"https:\/\/pondokadnyana.com\/jimbaran\/wp-json\/wp\/v2\/types\/page"}],"author":[{"embeddable":true,"href":"https:\/\/pondokadnyana.com\/jimbaran\/wp-json\/wp\/v2\/users\/1"}],"replies":[{"embeddable":true,"href":"https:\/\/pondokadnyana.com\/jimbaran\/wp-json\/wp\/v2\/comments?post=41"}],"version-history":[{"count":20,"href":"https:\/\/pondokadnyana.com\/jimbaran\/wp-json\/wp\/v2\/pages\/41\/revisions"}],"predecessor-version":[{"id":352,"href":"https:\/\/pondokadnyana.com\/jimbaran\/wp-json\/wp\/v2\/pages\/41\/revisions\/352"}],"wp:attachment":[{"href":"https:\/\/pondokadnyana.com\/jimbaran\/wp-json\/wp\/v2\/media?parent=41"}],"curies":[{"name":"wp","href":"https:\/\/api.w.org\/{rel}","templated":true}]}}